{"id":226,"date":"2021-07-27T21:35:28","date_gmt":"2021-07-27T21:35:28","guid":{"rendered":"https:\/\/aepm.com.br\/?page_id=226"},"modified":"2026-02-24T14:55:59","modified_gmt":"2026-02-24T14:55:59","slug":"membros-e-candidatos","status":"publish","type":"page","link":"https:\/\/aepm.com.br\/index.php\/membros-e-candidatos\/","title":{"rendered":"Membros e candidatos \u00e0 forma\u00e7\u00e3o"},"content":{"rendered":"\t\t<div data-elementor-type=\"wp-page\" data-elementor-id=\"226\" class=\"elementor elementor-226\" data-elementor-settings=\"[]\">\n\t\t\t\t\t\t\t<div class=\"elementor-section-wrap\">\n\t\t\t\t\t\t\t<section class=\"elementor-section elementor-top-section elementor-element elementor-element-5ab9a1c3 elementor-section-boxed elementor-section-height-default elementor-section-height-default\" data-id=\"5ab9a1c3\" data-element_type=\"section\">\n\t\t\t\t\t\t<div class=\"elementor-container elementor-column-gap-default\">\n\t\t\t\t\t<div class=\"elementor-column elementor-col-100 elementor-top-column elementor-element elementor-element-1023c725\" data-id=\"1023c725\" data-element_type=\"column\">\n\t\t\t<div class=\"elementor-widget-wrap elementor-element-populated\">\n\t\t\t\t\t\t\t\t<div class=\"elementor-element elementor-element-6bec20f2 elementor-widget elementor-widget-text-editor\" data-id=\"6bec20f2\" data-element_type=\"widget\" data-widget_type=\"text-editor.default\">\n\t\t\t\t<div class=\"elementor-widget-container\">\n\t\t\t\t\t\t\t\t<p><strong>Membros da AEPM<\/strong><br \/>Alayde Maria Ferreira Martins<br \/>Alyssandra Vieira Costa<br \/>Ana Carolina Viana Silva<br \/>Caroline Gonzaga Torres<br \/>Cinthia Maria Silva Urbano<br \/>Cristiano Henrique Pereira Silva<br \/>D\u00e9borah Fernanda Mendes Pinheiro<br \/>Denise Silva Malagoni<br \/>Fabiano Monteles Sousa<br \/>Iana Ara\u00fajo Belo<br \/>Isalena Santos Carvalho<br \/>Jos\u00e9 Oceli Rodrigues Pereira J\u00fanior<br \/>Larissa Maria Mendes dos Santos Dias<br \/>Lidiane Vieira Alves<br \/>Livia Janine Leda Fonseca Rocha Costa<br \/>Luiza Maria Castro Jansen Ferreira<br \/>M\u00e1rcia Cristina dos Santos Belfort<br \/>M\u00e1rcia Teresa Santos Ferreira<br \/>M\u00e1rcio Clayton da Silva Costa<br \/>Maria da Concei\u00e7\u00e3o Furtado Ferreira<br \/>Maria S\u00edlvia Antunes Furtado<br \/>Maria Victoria Borges D\u00edaz<br \/>Maria Virginia Moreira Guilhon<br \/>Periandro Ramos Barr\u00eato<br \/>Polliana de Sousa Jurique<br \/>Simone de Miranda Rodrigues<br \/>Val\u00e9ria Maia Lameira<br \/>Vanessa Barros Esp\u00edndola<br \/>W\u00e2nia Suely Santos da Silva<\/p><p><strong>Candidatos \u00e0 Forma\u00e7\u00e3o<\/strong><br \/>Lu\u00eds Paulo Sousa da Silva<\/p>\t\t\t\t\t\t<\/div>\n\t\t\t\t<\/div>\n\t\t\t\t\t<\/div>\n\t\t<\/div>\n\t\t\t\t\t\t\t<\/div>\n\t\t<\/section>\n\t\t\t\t\t\t<\/div>\n\t\t\t\t\t<\/div>\n\t\t","protected":false},"excerpt":{"rendered":"<p>Membros da AEPMAlayde Maria Ferreira MartinsAlyssandra Vieira CostaAna Carolina Viana SilvaCaroline Gonzaga TorresCinthia Maria Silva UrbanoCristiano Henrique Pereira SilvaD\u00e9borah Fernanda Mendes PinheiroDenise Silva MalagoniFabiano Monteles SousaIana Ara\u00fajo BeloIsalena Santos CarvalhoJos\u00e9 Oceli Rodrigues Pereira J\u00faniorLarissa Maria Mendes dos Santos DiasLidiane Vieira AlvesLivia Janine Leda Fonseca Rocha CostaLuiza Maria Castro Jansen FerreiraM\u00e1rcia Cristina dos Santos BelfortM\u00e1rcia Teresa [&hellip;]<\/p>\n","protected":false},"author":1,"featured_media":0,"parent":0,"menu_order":0,"comment_status":"closed","ping_status":"closed","template":"","meta":[],"acf":[],"_links":{"self":[{"href":"https:\/\/aepm.com.br\/index.php\/wp-json\/wp\/v2\/pages\/226"}],"collection":[{"href":"https:\/\/aepm.com.br\/index.php\/wp-json\/wp\/v2\/pages"}],"about":[{"href":"https:\/\/aepm.com.br\/index.php\/wp-json\/wp\/v2\/types\/page"}],"author":[{"embeddable":true,"href":"https:\/\/aepm.com.br\/index.php\/wp-json\/wp\/v2\/users\/1"}],"replies":[{"embeddable":true,"href":"https:\/\/aepm.com.br\/index.php\/wp-json\/wp\/v2\/comments?post=226"}],"version-history":[{"count":13,"href":"https:\/\/aepm.com.br\/index.php\/wp-json\/wp\/v2\/pages\/226\/revisions"}],"predecessor-version":[{"id":1178,"href":"https:\/\/aepm.com.br\/index.php\/wp-json\/wp\/v2\/pages\/226\/revisions\/1178"}],"wp:attachment":[{"href":"https:\/\/aepm.com.br\/index.php\/wp-json\/wp\/v2\/media?parent=226"}],"curies":[{"name":"wp","href":"https:\/\/api.w.org\/{rel}","templated":true}]}}