{"id":27,"date":"2021-07-16T13:55:27","date_gmt":"2021-07-16T13:55:27","guid":{"rendered":"https:\/\/aepm.com.br\/?page_id=27"},"modified":"2024-09-20T17:17:30","modified_gmt":"2024-09-20T17:17:30","slug":"aepm","status":"publish","type":"page","link":"https:\/\/aepm.com.br\/index.php\/aepm\/","title":{"rendered":"AEPM"},"content":{"rendered":"\t\t<div data-elementor-type=\"wp-page\" data-elementor-id=\"27\" class=\"elementor elementor-27\" data-elementor-settings=\"[]\">\n\t\t\t\t\t\t\t<div class=\"elementor-section-wrap\">\n\t\t\t\t\t\t\t<section class=\"elementor-section elementor-top-section elementor-element elementor-element-7a70daa7 elementor-section-boxed elementor-section-height-default elementor-section-height-default\" data-id=\"7a70daa7\" data-element_type=\"section\">\n\t\t\t\t\t\t<div class=\"elementor-container elementor-column-gap-default\">\n\t\t\t\t\t<div class=\"elementor-column elementor-col-100 elementor-top-column elementor-element elementor-element-4a60ce80\" data-id=\"4a60ce80\" data-element_type=\"column\">\n\t\t\t<div class=\"elementor-widget-wrap elementor-element-populated\">\n\t\t\t\t\t\t\t\t<div class=\"elementor-element elementor-element-41bfb590 elementor-widget elementor-widget-text-editor\" data-id=\"41bfb590\" data-element_type=\"widget\" data-widget_type=\"text-editor.default\">\n\t\t\t\t<div class=\"elementor-widget-container\">\n\t\t\t\t\t\t\t\t<p>A Associa\u00e7\u00e3o Escola de Psican\u00e1lise do Maranh\u00e3o \u2013 AEPM, comprometida com o legado de Freud e Lacan, tem por objetivo a transmiss\u00e3o da Psican\u00e1lise atrav\u00e9s de dispositivos definidos de acordo com os fundamentos desta pr\u00e1xis.<\/p>\n<p>Fundada em 1995, a partir da dissolu\u00e7\u00e3o de institui\u00e7\u00f5es anteriores que durante dez anos propagaram o ensino da Psican\u00e1lise no Maranh\u00e3o, a AEPM prop\u00f4s-se a ir al\u00e9m, a responsabilizar-se pela forma\u00e7\u00e3o de seus membros.<\/p>\n<p>A AEPM busca atrav\u00e9s de seus dispositivos instituir o novo que&nbsp;adv\u00e9m do trabalho de seus membros e assim sustentar o ensino e a transmiss\u00e3o&nbsp;da Psican\u00e1lise. &nbsp;Propostos a cada ano, estes t\u00eam o objetivo de fazer&nbsp;circular na institui\u00e7\u00e3o os significantes de Freud e de Lacan, na fala de cada um, na escrita de cada&nbsp;um e na pr\u00e1tica de cada um.<\/p>\n<p><strong>Presidente fundadora da AEPM<\/strong><br>Alayde Maria Ferreira Martins<\/p>\n<p><strong>Presidente da AEPM&nbsp;<\/strong><br>Luiza Maria Castro Jansen Ferreira<br><\/p>\n<p><strong>Colegiado da AEPM<\/strong><br>Alayde Maria Ferreira Martins<br>Maria S\u00edlvia Antunes Furtado<br>Luiza Maria Castro Jansen Ferreira<br>M\u00e1rcia Teresa Santos Ferreira<br>Maria Virginia Moreira Guilhon<br>Val\u00e9ria Maia Lameira<br>M\u00e1rcia Cristina dos Santos Belfort<\/p>\t\t\t\t\t\t<\/div>\n\t\t\t\t<\/div>\n\t\t\t\t\t<\/div>\n\t\t<\/div>\n\t\t\t\t\t\t\t<\/div>\n\t\t<\/section>\n\t\t\t\t\t\t<\/div>\n\t\t\t\t\t<\/div>\n\t\t","protected":false},"excerpt":{"rendered":"<p>A Associa\u00e7\u00e3o Escola de Psican\u00e1lise do Maranh\u00e3o \u2013 AEPM, comprometida com o legado de Freud e Lacan, tem por objetivo a transmiss\u00e3o da Psican\u00e1lise atrav\u00e9s de dispositivos definidos de acordo com os fundamentos desta pr\u00e1xis. Fundada em 1995, a partir da dissolu\u00e7\u00e3o de institui\u00e7\u00f5es anteriores que durante dez anos propagaram o ensino da Psican\u00e1lise no [&hellip;]<\/p>\n","protected":false},"author":1,"featured_media":0,"parent":0,"menu_order":0,"comment_status":"closed","ping_status":"closed","template":"","meta":[],"acf":[],"_links":{"self":[{"href":"https:\/\/aepm.com.br\/index.php\/wp-json\/wp\/v2\/pages\/27"}],"collection":[{"href":"https:\/\/aepm.com.br\/index.php\/wp-json\/wp\/v2\/pages"}],"about":[{"href":"https:\/\/aepm.com.br\/index.php\/wp-json\/wp\/v2\/types\/page"}],"author":[{"embeddable":true,"href":"https:\/\/aepm.com.br\/index.php\/wp-json\/wp\/v2\/users\/1"}],"replies":[{"embeddable":true,"href":"https:\/\/aepm.com.br\/index.php\/wp-json\/wp\/v2\/comments?post=27"}],"version-history":[{"count":34,"href":"https:\/\/aepm.com.br\/index.php\/wp-json\/wp\/v2\/pages\/27\/revisions"}],"predecessor-version":[{"id":1005,"href":"https:\/\/aepm.com.br\/index.php\/wp-json\/wp\/v2\/pages\/27\/revisions\/1005"}],"wp:attachment":[{"href":"https:\/\/aepm.com.br\/index.php\/wp-json\/wp\/v2\/media?parent=27"}],"curies":[{"name":"wp","href":"https:\/\/api.w.org\/{rel}","templated":true}]}}